{"id":1950,"date":"2025-01-27T10:29:52","date_gmt":"2025-01-27T09:29:52","guid":{"rendered":"https:\/\/pla-pleszew.pl\/?page_id=1950"},"modified":"2025-01-27T10:43:01","modified_gmt":"2025-01-27T09:43:01","slug":"rodo","status":"publish","type":"page","link":"https:\/\/pla-pleszew.pl\/?page_id=1950","title":{"rendered":"Rodo"},"content":{"rendered":"\n<div class=\"wp-block-columns is-layout-flex wp-container-core-columns-is-layout-9d6595d7 wp-block-columns-is-layout-flex\">\n<div class=\"wp-block-column is-layout-flow wp-block-column-is-layout-flow\" style=\"flex-basis:100%\">\n<pre class=\"wp-block-preformatted\"><strong><em>Klauzula informacyjna RODO w zakresie przetwarzania danych osobowych<br>1. Administratorem danych osobowych jest Pleszewskie Linie Autobusowe 63-300 Pleszew ul. \u015aw. Ducha 5. ul. 70 Pu\u0142ku Piechoty 18. Nip: 617-102-30-63,  Tel.  62 74 22 333,  email: pla_pleszew@op.pl<br>2. Administrator wyznaczy\u0142 inspektora ochrony danych osobowych. Dane kontaktowe inspektora: Robert Gaedig 62 74 22 333 pla_pleszew@op.pl<br>3. Przekazane dane osobowe przetwarzane b\u0119d\u0105 w celu realizacji us\u0142ug, obs\u0142ugi zg\u0142osze\u0144 i udzielania odpowiedzi na zg\u0142oszenia;<br><br>4. Kategorie danych osobowych obejmuj\u0105 m.in. imi\u0119 i nazwisko, numer telefonu, adres e-mail, adres, dane dedykowane do procesu\/us\u0142ugi\/projektu;<br><br>5. Pani \/ Pana dane osobowe mog\u0105 by\u0107 przekazywane podmiotom przetwarzaj\u0105cym dane osobowe.<br>6. Pa\u0144stwa dane nie b\u0119d\u0105 przekazywane do pa\u0144stwa trzeciego ani organizacji mi\u0119dzynarodowej<br>7. Posiadaj\u0105 Pa\u0144stwo prawo dost\u0119pu do tre\u015bci swoich danych oraz prawo ich sprostowania, usuni\u0119cia6. Pa\u0144stwa dane osobowe b\u0119d\u0105 przechowywane przez okres istnienia prawnie uzasadnionego interesu administratora, chyba \u017ce Pani \/ Pan wyrazi sprzeciw wobec przetwarzania danych; ograniczenia przetwarzania, prawo do przenoszenia danych, prawo wniesienia sprzeciwu, prawo do cofni\u0119cia zgody w dowolnym momencie bez wp\u0142ywu na zgodno\u015b\u0107 z prawem przetwarzania, kt\u00f3rego dokonano na podstawie zgody przed jej cofni\u0119ciem;<br><br>8. Maj\u0105 Pa\u0144stwo prawo wniesienia skargi do organu nadzorczego zajmuj\u0105cego si\u0119 ochron\u0105 danych osobowych, kt\u00f3rym jest Prezes Urz\u0119du Ochrony Danych Osobowych, gdy uznaj\u0105 Pa\u0144stwo, i\u017c przetwarzanie Pa\u0144stwa danych osobowych narusza przepisy ustawy z dnia 10 maja 2018 r. o ochronie danych osobowych (tekst jednolity Dz. U. z 2018 r., poz. 1000) lub przepisy Rozporz\u0105dzenia Parlamentu Europejskiego i Rady (UE) 2016\/679 z dnia 27 kwietnia 2016 r. w sprawie ochrony os\u00f3b fizycznych w zwi\u0105zku z przetwarzaniem danych osobowych i w sprawie swobodnego przep\u0142ywu takich danych oraz uchylenia dyrektywy 95\/46\/WE (og\u00f3lne rozporz\u0105dzenie o ochronie danych) z dnia 27 kwietnia 2016 r. (Dz.Urz.UE.L Nr 119, str. 1);<br><br>9. Dane udost\u0119pnione przez Pani\u0105\/Pana nie b\u0119d\u0105 podlega\u0142y zautomatyzowanemu podejmowaniu decyzji oraz profilowaniu<br>10. Podanie przez Pa\u0144stwa danych osobowych jest dobrowolne;<br><\/em><\/strong><\/pre>\n<\/div>\n<\/div>\n","protected":false},"excerpt":{"rendered":"<p>Klauzula informacyjna RODO w zakresie przetwarzania danych osobowych1. Administratorem danych osobowych jest Pleszewskie Linie Autobusowe 63-300 Pleszew ul. \u015aw. Ducha 5. ul. 70 Pu\u0142ku Piechoty 18. Nip: 617-102-30-63, Tel. 62 74 22 333, email: pla_pleszew@op.pl2. Administrator wyznaczy\u0142 inspektora ochrony danych osobowych. Dane kontaktowe inspektora: Robert Gaedig 62 74 22 333 pla_pleszew@op.pl3. Przekazane dane osobowe przetwarzane &hellip; <a href=\"https:\/\/pla-pleszew.pl\/?page_id=1950\" class=\"more-link\">Czytaj dalej <span class=\"screen-reader-text\">Rodo<\/span> <span class=\"meta-nav\">&rarr;<\/span><\/a><\/p>\n","protected":false},"author":1,"featured_media":0,"parent":0,"menu_order":0,"comment_status":"closed","ping_status":"closed","template":"","meta":{"footnotes":""},"class_list":["post-1950","page","type-page","status-publish","hentry"],"_links":{"self":[{"href":"https:\/\/pla-pleszew.pl\/index.php?rest_route=\/wp\/v2\/pages\/1950","targetHints":{"allow":["GET"]}}],"collection":[{"href":"https:\/\/pla-pleszew.pl\/index.php?rest_route=\/wp\/v2\/pages"}],"about":[{"href":"https:\/\/pla-pleszew.pl\/index.php?rest_route=\/wp\/v2\/types\/page"}],"author":[{"embeddable":true,"href":"https:\/\/pla-pleszew.pl\/index.php?rest_route=\/wp\/v2\/users\/1"}],"replies":[{"embeddable":true,"href":"https:\/\/pla-pleszew.pl\/index.php?rest_route=%2Fwp%2Fv2%2Fcomments&post=1950"}],"version-history":[{"count":4,"href":"https:\/\/pla-pleszew.pl\/index.php?rest_route=\/wp\/v2\/pages\/1950\/revisions"}],"predecessor-version":[{"id":1958,"href":"https:\/\/pla-pleszew.pl\/index.php?rest_route=\/wp\/v2\/pages\/1950\/revisions\/1958"}],"wp:attachment":[{"href":"https:\/\/pla-pleszew.pl\/index.php?rest_route=%2Fwp%2Fv2%2Fmedia&parent=1950"}],"curies":[{"name":"wp","href":"https:\/\/api.w.org\/{rel}","templated":true}]}}